{"id":702,"date":"2026-01-20T23:01:30","date_gmt":"2026-01-20T23:01:30","guid":{"rendered":"http:\/\/localhost\/eda\/?page_id=702"},"modified":"2026-02-04T15:25:20","modified_gmt":"2026-02-04T15:25:20","slug":"obrigado","status":"publish","type":"page","link":"https:\/\/escolatantra.com\/en\/obrigado\/","title":{"rendered":"Obrigado"},"content":{"rendered":"<div data-elementor-type=\"wp-page\" data-elementor-id=\"702\" class=\"elementor elementor-702\" data-elementor-post-type=\"page\">\n\t\t\t\t<div class=\"elementor-element elementor-element-d7186b8 e-flex e-con-boxed e-con e-parent\" data-id=\"d7186b8\" data-element_type=\"container\" data-e-type=\"container\">\n\t\t\t\t\t<div class=\"e-con-inner\">\n\t\t<div class=\"elementor-element elementor-element-5795a23 e-con-full e-flex e-con e-child\" data-id=\"5795a23\" data-element_type=\"container\" data-e-type=\"container\">\n\t\t\t\t<div class=\"elementor-element elementor-element-af94328 elementor-widget elementor-widget-heading\" data-id=\"af94328\" data-element_type=\"widget\" data-e-type=\"widget\" data-widget_type=\"heading.default\">\n\t\t\t\t\t<h2 class=\"elementor-heading-title elementor-size-default\">Obrigado<\/h2>\t\t\t\t<\/div>\n\t\t\t\t<div class=\"elementor-element elementor-element-bb67fb1 elementor-widget elementor-widget-heading\" data-id=\"bb67fb1\" data-element_type=\"widget\" data-e-type=\"widget\" data-widget_type=\"heading.default\">\n\t\t\t\t\t<h2 class=\"elementor-heading-title elementor-size-default\">Ficamos muito felizes por se juntar a n\u00f3s.<\/h2>\t\t\t\t<\/div>\n\t\t\t\t<div class=\"elementor-element elementor-element-3030d48 elementor-widget elementor-widget-heading\" data-id=\"3030d48\" data-element_type=\"widget\" data-e-type=\"widget\" data-widget_type=\"heading.default\">\n\t\t\t\t\t<h2 class=\"elementor-heading-title elementor-size-default\">O seu ebook j\u00e1 est\u00e1 dispon\u00edvel.<\/h2>\t\t\t\t<\/div>\n\t\t\t\t<\/div>\n\t\t<div class=\"elementor-element elementor-element-5b59cec e-con-full e-flex e-con e-child\" data-id=\"5b59cec\" data-element_type=\"container\" data-e-type=\"container\">\n\t\t\t\t<div class=\"elementor-element elementor-element-fa2ac02 elementor-align-center elementor-widget elementor-widget-button\" data-id=\"fa2ac02\" data-element_type=\"widget\" data-e-type=\"widget\" data-widget_type=\"button.default\">\n\t\t\t\t\t\t\t\t\t\t<a class=\"elementor-button elementor-button-link elementor-size-sm\" href=\"https:\/\/escolatantra.com\/wp-content\/uploads\/2026\/02\/EBOOK-Tantra-A-Arte-de-Amar.pdf\" download=\"\">\n\t\t\t\t\t\t<span class=\"elementor-button-content-wrapper\">\n\t\t\t\t\t\t<span class=\"elementor-button-icon\">\n\t\t\t\t<svg aria-hidden=\"true\" class=\"e-font-icon-svg e-fas-download\" viewbox=\"0 0 512 512\" xmlns=\"http:\/\/www.w3.org\/2000\/svg\"><path d=\"M216 0h80c13.3 0 24 10.7 24 24v168h87.7c17.8 0 26.7 21.5 14.1 34.1L269.7 378.3c-7.5 7.5-19.8 7.5-27.3 0L90.1 226.1c-12.6-12.6-3.7-34.1 14.1-34.1H192V24c0-13.3 10.7-24 24-24zm296 376v112c0 13.3-10.7 24-24 24H24c-13.3 0-24-10.7-24-24V376c0-13.3 10.7-24 24-24h146.7l49 49c20.1 20.1 52.5 20.1 72.6 0l49-49H488c13.3 0 24 10.7 24 24zm-124 88c0-11-9-20-20-20s-20 9-20 20 9 20 20 20 20-9 20-20zm64 0c0-11-9-20-20-20s-20 9-20 20 9 20 20 20 20-9 20-20z\"><\/path><\/svg>\t\t\t<\/span>\n\t\t\t\t\t\t\t\t\t<span class=\"elementor-button-text\">Baixar agora<\/span>\n\t\t\t\t\t<\/span>\n\t\t\t\t\t<\/a>\n\t\t\t\t\t\t\t\t<\/div>\n\t\t\t\t<\/div>\n\t\t\t\t\t<\/div>\n\t\t\t\t<\/div>\n\t\t\t\t<\/div>","protected":false},"excerpt":{"rendered":"<p>Obrigado E-Book<\/p>","protected":false},"author":2,"featured_media":0,"parent":0,"menu_order":0,"comment_status":"closed","ping_status":"closed","template":"elementor_header_footer","meta":{"_acf_changed":false,"footnotes":""},"class_list":["post-702","page","type-page","status-publish","hentry"],"acf":[],"yoast_head":"<!-- This site is optimized with the Yoast SEO Premium plugin v24.0 (Yoast SEO v27.4) - https:\/\/yoast.com\/product\/yoast-seo-premium-wordpress\/ -->\n<title>Obrigado - Escola de Tantra<\/title>\n<meta name=\"robots\" content=\"index, follow, max-snippet:-1, max-image-preview:large, max-video-preview:-1\" \/>\n<link rel=\"canonical\" href=\"https:\/\/escolatantra.com\/en\/obrigado\/\" \/>\n<meta property=\"og:locale\" content=\"en_US\" \/>\n<meta property=\"og:type\" content=\"article\" \/>\n<meta property=\"og:title\" content=\"Obrigado\" \/>\n<meta property=\"og:description\" content=\"Obrigado E-Book\" \/>\n<meta property=\"og:url\" content=\"https:\/\/escolatantra.com\/en\/obrigado\/\" \/>\n<meta property=\"og:site_name\" content=\"Escola de Tantra\" \/>\n<meta property=\"article:publisher\" content=\"https:\/\/www.facebook.com\/escoladoamorportugal?locale=pt_PT\" \/>\n<meta property=\"article:modified_time\" content=\"2026-02-04T15:25:20+00:00\" \/>\n<meta property=\"og:image\" content=\"https:\/\/escolatantra.com\/wp-content\/uploads\/2026\/01\/Logo.jpeg\" \/>\n\t<meta property=\"og:image:width\" content=\"1154\" \/>\n\t<meta property=\"og:image:height\" content=\"1209\" \/>\n\t<meta property=\"og:image:type\" content=\"image\/jpeg\" \/>\n<meta name=\"twitter:card\" content=\"summary_large_image\" \/>\n<script type=\"application\/ld+json\" class=\"yoast-schema-graph\">{\"@context\":\"https:\\\/\\\/schema.org\",\"@graph\":[{\"@type\":\"WebPage\",\"@id\":\"https:\\\/\\\/escolatantra.com\\\/obrigado\\\/\",\"url\":\"https:\\\/\\\/escolatantra.com\\\/obrigado\\\/\",\"name\":\"Obrigado - Escola de Tantra\",\"isPartOf\":{\"@id\":\"https:\\\/\\\/escolatantra.com\\\/#website\"},\"datePublished\":\"2026-01-20T23:01:30+00:00\",\"dateModified\":\"2026-02-04T15:25:20+00:00\",\"breadcrumb\":{\"@id\":\"https:\\\/\\\/escolatantra.com\\\/obrigado\\\/#breadcrumb\"},\"inLanguage\":\"en-US\",\"potentialAction\":[{\"@type\":\"ReadAction\",\"target\":[\"https:\\\/\\\/escolatantra.com\\\/obrigado\\\/\"]}]},{\"@type\":\"BreadcrumbList\",\"@id\":\"https:\\\/\\\/escolatantra.com\\\/obrigado\\\/#breadcrumb\",\"itemListElement\":[{\"@type\":\"ListItem\",\"position\":1,\"name\":\"In\u00edcio\",\"item\":\"https:\\\/\\\/escolatantra.com\\\/\"},{\"@type\":\"ListItem\",\"position\":2,\"name\":\"Obrigado\"}]},{\"@type\":\"WebSite\",\"@id\":\"https:\\\/\\\/escolatantra.com\\\/#website\",\"url\":\"https:\\\/\\\/escolatantra.com\\\/\",\"name\":\"Escola do Amor\",\"description\":\"\",\"publisher\":{\"@id\":\"https:\\\/\\\/escolatantra.com\\\/#organization\"},\"potentialAction\":[{\"@type\":\"SearchAction\",\"target\":{\"@type\":\"EntryPoint\",\"urlTemplate\":\"https:\\\/\\\/escolatantra.com\\\/?s={search_term_string}\"},\"query-input\":{\"@type\":\"PropertyValueSpecification\",\"valueRequired\":true,\"valueName\":\"search_term_string\"}}],\"inLanguage\":\"en-US\"},{\"@type\":\"Organization\",\"@id\":\"https:\\\/\\\/escolatantra.com\\\/#organization\",\"name\":\"Escola Do Amor\",\"url\":\"https:\\\/\\\/escolatantra.com\\\/\",\"logo\":{\"@type\":\"ImageObject\",\"inLanguage\":\"en-US\",\"@id\":\"https:\\\/\\\/escolatantra.com\\\/#\\\/schema\\\/logo\\\/image\\\/\",\"url\":\"https:\\\/\\\/escolatantra.com\\\/wp-content\\\/uploads\\\/2026\\\/01\\\/Logo.jpeg\",\"contentUrl\":\"https:\\\/\\\/escolatantra.com\\\/wp-content\\\/uploads\\\/2026\\\/01\\\/Logo.jpeg\",\"width\":1154,\"height\":1209,\"caption\":\"Escola Do Amor\"},\"image\":{\"@id\":\"https:\\\/\\\/escolatantra.com\\\/#\\\/schema\\\/logo\\\/image\\\/\"},\"sameAs\":[\"https:\\\/\\\/www.facebook.com\\\/escoladoamorportugal?locale=pt_PT\",\"https:\\\/\\\/www.instagram.com\\\/escoladoamor_pauloshiva\\\/\"]}]}<\/script>\n<!-- \/ Yoast SEO Premium plugin. -->","yoast_head_json":{"title":"Obrigado - Escola de Tantra","robots":{"index":"index","follow":"follow","max-snippet":"max-snippet:-1","max-image-preview":"max-image-preview:large","max-video-preview":"max-video-preview:-1"},"canonical":"https:\/\/escolatantra.com\/en\/obrigado\/","og_locale":"en_US","og_type":"article","og_title":"Obrigado","og_description":"Obrigado E-Book","og_url":"https:\/\/escolatantra.com\/en\/obrigado\/","og_site_name":"Escola de Tantra","article_publisher":"https:\/\/www.facebook.com\/escoladoamorportugal?locale=pt_PT","article_modified_time":"2026-02-04T15:25:20+00:00","og_image":[{"width":1154,"height":1209,"url":"https:\/\/escolatantra.com\/wp-content\/uploads\/2026\/01\/Logo.jpeg","type":"image\/jpeg"}],"twitter_card":"summary_large_image","schema":{"@context":"https:\/\/schema.org","@graph":[{"@type":"WebPage","@id":"https:\/\/escolatantra.com\/obrigado\/","url":"https:\/\/escolatantra.com\/obrigado\/","name":"Obrigado - Escola de Tantra","isPartOf":{"@id":"https:\/\/escolatantra.com\/#website"},"datePublished":"2026-01-20T23:01:30+00:00","dateModified":"2026-02-04T15:25:20+00:00","breadcrumb":{"@id":"https:\/\/escolatantra.com\/obrigado\/#breadcrumb"},"inLanguage":"en-US","potentialAction":[{"@type":"ReadAction","target":["https:\/\/escolatantra.com\/obrigado\/"]}]},{"@type":"BreadcrumbList","@id":"https:\/\/escolatantra.com\/obrigado\/#breadcrumb","itemListElement":[{"@type":"ListItem","position":1,"name":"In\u00edcio","item":"https:\/\/escolatantra.com\/"},{"@type":"ListItem","position":2,"name":"Obrigado"}]},{"@type":"WebSite","@id":"https:\/\/escolatantra.com\/#website","url":"https:\/\/escolatantra.com\/","name":"Escola do Amor","description":"","publisher":{"@id":"https:\/\/escolatantra.com\/#organization"},"potentialAction":[{"@type":"SearchAction","target":{"@type":"EntryPoint","urlTemplate":"https:\/\/escolatantra.com\/?s={search_term_string}"},"query-input":{"@type":"PropertyValueSpecification","valueRequired":true,"valueName":"search_term_string"}}],"inLanguage":"en-US"},{"@type":"Organization","@id":"https:\/\/escolatantra.com\/#organization","name":"Escola Do Amor","url":"https:\/\/escolatantra.com\/","logo":{"@type":"ImageObject","inLanguage":"en-US","@id":"https:\/\/escolatantra.com\/#\/schema\/logo\/image\/","url":"https:\/\/escolatantra.com\/wp-content\/uploads\/2026\/01\/Logo.jpeg","contentUrl":"https:\/\/escolatantra.com\/wp-content\/uploads\/2026\/01\/Logo.jpeg","width":1154,"height":1209,"caption":"Escola Do Amor"},"image":{"@id":"https:\/\/escolatantra.com\/#\/schema\/logo\/image\/"},"sameAs":["https:\/\/www.facebook.com\/escoladoamorportugal?locale=pt_PT","https:\/\/www.instagram.com\/escoladoamor_pauloshiva\/"]}]}},"_links":{"self":[{"href":"https:\/\/escolatantra.com\/en\/wp-json\/wp\/v2\/pages\/702","targetHints":{"allow":["GET"]}}],"collection":[{"href":"https:\/\/escolatantra.com\/en\/wp-json\/wp\/v2\/pages"}],"about":[{"href":"https:\/\/escolatantra.com\/en\/wp-json\/wp\/v2\/types\/page"}],"author":[{"embeddable":true,"href":"https:\/\/escolatantra.com\/en\/wp-json\/wp\/v2\/users\/2"}],"replies":[{"embeddable":true,"href":"https:\/\/escolatantra.com\/en\/wp-json\/wp\/v2\/comments?post=702"}],"version-history":[{"count":10,"href":"https:\/\/escolatantra.com\/en\/wp-json\/wp\/v2\/pages\/702\/revisions"}],"predecessor-version":[{"id":1650,"href":"https:\/\/escolatantra.com\/en\/wp-json\/wp\/v2\/pages\/702\/revisions\/1650"}],"wp:attachment":[{"href":"https:\/\/escolatantra.com\/en\/wp-json\/wp\/v2\/media?parent=702"}],"curies":[{"name":"wp","href":"https:\/\/api.w.org\/{rel}","templated":true}]}}