{"id":2208,"date":"2026-02-16T17:58:18","date_gmt":"2026-02-16T17:58:18","guid":{"rendered":"https:\/\/escolatantra.com\/?post_type=product&#038;p=2208"},"modified":"2026-02-27T18:28:03","modified_gmt":"2026-02-27T18:28:03","slug":"liquid-love","status":"publish","type":"product","link":"https:\/\/escolatantra.com\/en\/product\/liquid-love\/","title":{"rendered":"LIQUID LOVE EXPERIENCE"},"content":{"rendered":"<p data-start=\"0\" data-end=\"269\">O <strong data-start=\"2\" data-end=\"17\">Liquid Love<\/strong> \u00e9 um evento \u00edntimo imersivo extraordin\u00e1rio em grupo, onde os participantes s\u00e3o gentilmente guiados na explora\u00e7\u00e3o dos seus corpos, dos seus limites, da conex\u00e3o humana, da ludicidade, do toque e da sensualidade m\u00e1gica do contacto pele com pele em fluxo.<\/p>\n<h2 data-start=\"271\" data-end=\"287\">O QUE \u00c9 LIQUID LOVE?<\/h2>\n<p data-start=\"289\" data-end=\"366\">\ud83c\udf38 Uma experi\u00eancia Tantrica e sensorial em grupo, numa plataforma especial mergulhada em \u00f3leo.<\/p>\n<p data-start=\"368\" data-end=\"454\">\ud83c\udf38 Um espa\u00e7o orientado para explorar a nudez e o toque, ambos completamente opcionais.<\/p>\n<p data-start=\"456\" data-end=\"605\">\ud83c\udf38 Isto n\u00e3o \u00e9 uma festa de S3XO \u2013 A atividade S3XUAL n\u00e3o faz parte do nosso evento. Trata-se de explorar a sensualidade que existe em n\u00f3s.<\/p>\n<p data-start=\"607\" data-end=\"854\">\ud83c\udf38 O Liquid Love \u00e9 uma bela viagem sensorial, guiada por m\u00fasica. \u00c9 convidado(a) a n\u00e3o falar durante a dura\u00e7\u00e3o da experi\u00eancia, e a maioria dos participantes opta por usar vendas nos olhos, o que eleva a experi\u00eancia a um outro n\u00edvel igualmente belo.<\/p>\n<hr data-start=\"856\" data-end=\"859\" \/>\n<h2 data-start=\"861\" data-end=\"876\">PARA QUEM \u00c9?<\/h2>\n<p data-start=\"878\" data-end=\"956\">\ud83c\udf39 Se gostaria de aprender sobre o toque suave explorado de forma consensual<\/p>\n<p data-start=\"958\" data-end=\"1032\">\ud83c\udf39 Se gostaria de aprender a sintonizar-se e a ouvir o seu pr\u00f3prio corpo<\/p>\n<p data-start=\"1034\" data-end=\"1088\">\ud83c\udf39 Se gostaria de explorar pr\u00e1ticas de Consentimento<\/p>\n<p data-start=\"1090\" data-end=\"1204\">\ud83c\udf39 Se gostaria de trazer, de forma ativa e intencional, mais Prazer, Alegria, Brincadeira e Toque para a sua vida<\/p>\n<p data-start=\"1206\" data-end=\"1282\">\ud83c\udf39 Se gostaria de explorar a escolha apenas daquilo que lhe faz sentir bem<\/p>\n<p data-start=\"1284\" data-end=\"1414\">\ud83c\udf39 Se gostaria de explorar a nudez na presen\u00e7a de outras pessoas, sabendo que n\u00e3o haver\u00e1 S3XO e que este n\u00e3o faz parte do evento<\/p>\n<p data-start=\"1416\" data-end=\"1541\">\ud83c\udf39 Se gostaria de experienciar conex\u00f5es sensuais e er\u00f3ticas<\/p>\n<p data-start=\"1543\" data-end=\"1634\">\ud83c\udf39 Se gostaria de experienciar o seu pr\u00f3prio corpo de uma forma nova e incrivelmente bela<\/p>\n<p data-start=\"1636\" data-end=\"1740\">\ud83c\udf39 Se gostaria de conhecer outras pessoas com interesses semelhantes na explora\u00e7\u00e3o de conex\u00f5es \u00edntimas<\/p>\n<p data-start=\"1742\" data-end=\"1808\">\ud83c\udf39 Se gostaria de experienciar uma profunda paz er\u00f3tica interior<\/p>\n<p data-start=\"1810\" data-end=\"1889\">\ud83c\udf39 Se gostaria de oferecer a si pr\u00f3prio(a) o presente de um belo amor-pr\u00f3prio<\/p>\n<hr data-start=\"1891\" data-end=\"1894\" \/>\n<h2 data-start=\"1896\" data-end=\"1916\">TODOS OS DETALHES<\/h2>\n<p data-start=\"1918\" data-end=\"2198\">Para garantir que tem toda a informa\u00e7\u00e3o necess\u00e1ria, convidamo-lo(a) a reservar alguns minutos tranquilos para ler e absorver cuidadosamente tudo o que se segue. H\u00e1 bastante para ler, pelo que recomendamos que se sente confortavelmente, talvez com uma ch\u00e1vena de ch\u00e1, \u00e1gua ou sumo.<\/p>\n<hr data-start=\"2200\" data-end=\"2203\" \/>\n<h2 data-start=\"2205\" data-end=\"2230\">O QUE \u00c9 O LIQUID LOVE?<\/h2>\n<p data-start=\"2232\" data-end=\"2453\">O conceito \u00e9 simples: ser\u00e1 derramado \u00f3leo morno sobre a sua pele, que se espalhar\u00e1 pelo corpo, formando uma subst\u00e2ncia escorregadia que lhe permitir\u00e1 flutuar num mar partilhado com outros corpos cobertos de \u00f3leo.<\/p>\n<p data-start=\"2455\" data-end=\"2576\">Todos s\u00e3o convidados a respeitar os seus pr\u00f3prios limites e a honrar as suas fronteiras relativamente ao toque e \u00e0 nudez.<\/p>\n<p data-start=\"2578\" data-end=\"3017\">Uma vez no \u00f3leo, convidamo-lo(a) a mover-se e a permitir-se ser movido(a), sem inten\u00e7\u00f5es nem orienta\u00e7\u00e3o sexual. Libertando o desejo habitual de agir perante sensa\u00e7\u00f5es e pensamentos er\u00f3ticos, convidamo-lo(a) a estar presente com eles e a relaxar no fluxo energ\u00e9tico dos corpos \u00e0 sua volta. Este \u00e9 um espa\u00e7o onde pode amar e ser amado(a) de forma impessoal e sem amarras e, acima de tudo, um espa\u00e7o para revitalizar profundamente a sua alma.<\/p>\n<hr data-start=\"3019\" data-end=\"3022\" \/>\n<h2 data-start=\"3024\" data-end=\"3069\">O QUE ACONTECE NUMA SESS\u00c3O DE LIQUID LOVE?<\/h2>\n<p data-start=\"3071\" data-end=\"3209\">Cada sess\u00e3o conta com um grupo diferente de pessoas e, por isso, cada experi\u00eancia \u00e9 \u00fanica. No entanto, para lhe dar uma ideia da din\u00e2mica:<\/p>\n<p data-start=\"3211\" data-end=\"3552\">A primeira meia hora \u00e9 destinada \u00e0 chegada livre dos participantes. Quando todos tiverem chegado, ainda totalmente vestidos, haver\u00e1 um momento para nos conhecermos um pouco. Em c\u00edrculo, falaremos sobre a experi\u00eancia que iremos partilhar, a nossa etiqueta de consentimento, orienta\u00e7\u00f5es de seguran\u00e7a, limites e regras de comportamento no \u00f3leo.<\/p>\n<p data-start=\"3554\" data-end=\"3884\">Ap\u00f3s esta conversa, ser\u00e1 convidado(a) a despir as pe\u00e7as de roupa que desejar e com as quais se sentir confort\u00e1vel (a nudez \u00e9 completamente opcional no Liquid Love). Em c\u00edrculo, realizaremos exerc\u00edcios de respira\u00e7\u00e3o suaves e orientados para preparar mente e corpo, antes de nos deitarmos em doce antecipa\u00e7\u00e3o da viagem que se segue.<\/p>\n<p data-start=\"3886\" data-end=\"4167\">\u00c0 medida que o \u00f3leo morno \u00e9 derramado sobre todos, ser\u00e1 guiado(a) numa explora\u00e7\u00e3o de si e dos outros \u00e0 sua volta. Incentivamos a comunica\u00e7\u00e3o n\u00e3o verbal nesta fase da tarde, e muitas pessoas optam por usar vendas nos olhos, o que intensifica a experi\u00eancia de formas muito especiais.<\/p>\n<p data-start=\"4169\" data-end=\"4373\">No final da sess\u00e3o, ser\u00e3o disponibilizadas toalhas de papel altamente absorventes para remover o m\u00e1ximo de \u00f3leo poss\u00edvel. Tamb\u00e9m receber\u00e1 uma toalha de microfibra para envolver o cabelo e absorver o \u00f3leo.<\/p>\n<p data-start=\"4375\" data-end=\"4550\">Tenha em aten\u00e7\u00e3o que o espa\u00e7o n\u00e3o disp\u00f5e de chuveiros, pelo que dever\u00e1 considerar esse facto nos seus planos para o resto da noite \u2013 ficar\u00e1, no m\u00ednimo, muito bem hidratado(a)!<\/p>\n<hr data-start=\"4552\" data-end=\"4555\" \/>\n<h2 data-start=\"4557\" data-end=\"4607\">AS PESSOAS T\u00caM RELA\u00c7\u00d5ES S3XUAIS NO LIQUID LOVE?<\/h2>\n<p data-start=\"4609\" data-end=\"4613\">N\u00e3o.<\/p>\n<p data-start=\"4615\" data-end=\"4735\">Apesar da nudez e do toque (ambos opcionais), a experi\u00eancia foca-se na explora\u00e7\u00e3o da sensualidade, e n\u00e3o da S3XUALIDADE.<\/p>\n<p data-start=\"4737\" data-end=\"5003\">O Liquid Love \u00e9, portanto, explicitamente um espa\u00e7o sem atividade S3XUAL. Estes limites s\u00e3o rigorosamente mantidos durante as sess\u00f5es. Acreditamos que estas fronteiras ajudam a criar um espa\u00e7o verdadeiramente m\u00e1gico para explorar a intimidade e a conex\u00e3o.<\/p>\n<hr data-start=\"5005\" data-end=\"5008\" \/>\n<h2 data-start=\"5010\" data-end=\"5024\">Vis\u00e3o Geral<\/h2>\n<p data-start=\"5026\" data-end=\"5458\"><strong data-start=\"5026\" data-end=\"5040\">Categoria:<\/strong> Jogo sensual e sensorial<br data-start=\"5065\" data-end=\"5068\" \/><strong data-start=\"5068\" data-end=\"5096\">Objetivo da experi\u00eancia:<\/strong> desfrutar de uma Jornada Extraordin\u00e1ria de Sensualidade<br data-start=\"5152\" data-end=\"5155\" \/><strong data-start=\"5155\" data-end=\"5219\">Haver\u00e1 contacto f\u00edsico entre o participante e o facilitador?<\/strong> Sim<br data-start=\"5223\" data-end=\"5226\" \/><strong data-start=\"5226\" data-end=\"5238\">Emo\u00e7\u00f5es:<\/strong> Deslumbramento, \u00caxtase, Interesse, Alegria, Amor<br data-start=\"5287\" data-end=\"5290\" \/><strong data-start=\"5290\" data-end=\"5315\">Local da experi\u00eancia:<\/strong> Espa\u00e7o fechado<br data-start=\"5330\" data-end=\"5333\" \/><strong data-start=\"5333\" data-end=\"5355\">Riscos envolvidos:<\/strong> alergia ao \u00f3leo<br data-start=\"5373\" data-end=\"5376\" \/><strong data-start=\"5376\" data-end=\"5397\">Quem deve evitar?<\/strong> Menores de 18 anos. Gr\u00e1vidas, alergias a \u00baoleo ou fobias:<\/p>\n<p data-start=\"5460\" data-end=\"5817\">No Liquid Love, acolhemos pessoas de todas as identidades de g\u00e9nero, orienta\u00e7\u00f5es sexuais, tipos de corpo, tons de pele, idades (maiores de 18 anos) e express\u00f5es do espectro da diversidade. Criamos espa\u00e7os cuidadosamente equilibrados. O convite \u00e9 a ir al\u00e9m das prefer\u00eancias pessoais e das ideias de atra\u00e7\u00e3o S3XUAL, abra\u00e7ando a beleza que existe em todos n\u00f3s.<\/p>\n<p data-start=\"5819\" data-end=\"5916\"><strong data-start=\"5819\" data-end=\"5865\">\u00c9 necess\u00e1rio aconselhamento m\u00e9dico pr\u00e9vio?<\/strong> N\u00e3o<br data-start=\"5869\" data-end=\"5872\" \/><strong data-start=\"5872\" data-end=\"5910\">\u00c9 fornecido aconselhamento m\u00e9dico?<\/strong> N\u00e3o<\/p>\n<hr data-start=\"5918\" data-end=\"5921\" \/>\n<h2 data-start=\"5923\" data-end=\"5946\">Biografia e Contacto<\/h2>\n<p data-start=\"5948\" data-end=\"6445\">O anfitri\u00e3o do The Liquid Love \u00e9 Paulo Shiva um educador e facilitador altamente experiente, que organiza espa\u00e7os de intimidade consciente h\u00e1 muitos anos. Na \u00faltima d\u00e9cada, tem criado eventos especiais onde pessoas curiosas s\u00e3o guiadas na explora\u00e7\u00e3o do seu lado sensual, tantrico, sensorial e er\u00f3tico,. Atrav\u00e9s de uma combina\u00e7\u00e3o \u00fanica de jogo, divers\u00e3o, seguran\u00e7a, leveza e empoderamento, Shiva orienta os participantes a escutarem os seus limites e desejos, assumindo o seu pr\u00f3prio caminho rumo ao prazer.<\/p>","protected":false},"excerpt":{"rendered":"<p>O Liquid Love \u00e9 um evento \u00edntimo imersivo extraordin\u00e1rio em grupo, onde os participantes s\u00e3o gentilmente guiados na explora\u00e7\u00e3o dos seus corpos, dos seus limites, da conex\u00e3o humana, da ludicidade, do toque e da sensualidade m\u00e1gica do contacto pele com pele em fluxo. O QUE \u00c9 LIQUID LOVE? \ud83c\udf38 Uma experi\u00eancia Tantrica e sensorial em [&hellip;]<\/p>\n","protected":false},"featured_media":2501,"comment_status":"open","ping_status":"closed","template":"","meta":{"_acf_changed":false},"product_brand":[],"product_cat":[30],"product_tag":[],"class_list":{"0":"post-2208","1":"product","2":"type-product","3":"status-publish","4":"has-post-thumbnail","6":"product_cat-eventos","8":"first","9":"instock","10":"shipping-taxable","11":"purchasable","12":"product-type-simple"},"acf":[],"yoast_head":"<!-- This site is optimized with the Yoast SEO Premium plugin v24.0 (Yoast SEO v27.5) - https:\/\/yoast.com\/product\/yoast-seo-premium-wordpress\/ -->\n<title>LIQUID LOVE EXPERIENCE - Escola de Tantra<\/title>\n<meta name=\"robots\" content=\"index, follow, max-snippet:-1, max-image-preview:large, max-video-preview:-1\" \/>\n<link rel=\"canonical\" href=\"https:\/\/escolatantra.com\/en\/product\/liquid-love\/\" \/>\n<meta property=\"og:locale\" content=\"en_US\" \/>\n<meta property=\"og:type\" content=\"article\" \/>\n<meta property=\"og:title\" content=\"LIQUID LOVE EXPERIENCE\" \/>\n<meta property=\"og:description\" content=\"O Liquid Love \u00e9 um evento \u00edntimo imersivo extraordin\u00e1rio em grupo, onde os participantes s\u00e3o gentilmente guiados na explora\u00e7\u00e3o dos seus corpos, dos seus limites, da conex\u00e3o humana, da ludicidade, do toque e da sensualidade m\u00e1gica do contacto pele com pele em fluxo. O QUE \u00c9 LIQUID LOVE? \ud83c\udf38 Uma experi\u00eancia Tantrica e sensorial em [&hellip;]\" \/>\n<meta property=\"og:url\" content=\"https:\/\/escolatantra.com\/en\/product\/liquid-love\/\" \/>\n<meta property=\"og:site_name\" content=\"Escola de Tantra\" \/>\n<meta property=\"article:publisher\" content=\"https:\/\/www.facebook.com\/escoladoamorportugal?locale=pt_PT\" \/>\n<meta property=\"article:modified_time\" content=\"2026-02-27T18:28:03+00:00\" \/>\n<meta property=\"og:image\" content=\"https:\/\/escolatantra.com\/wp-content\/uploads\/2026\/02\/WhatsApp-Image-2026-02-27-at-15.38.04.jpeg\" \/>\n\t<meta property=\"og:image:width\" content=\"1080\" \/>\n\t<meta property=\"og:image:height\" content=\"1350\" \/>\n\t<meta property=\"og:image:type\" content=\"image\/jpeg\" \/>\n<meta name=\"twitter:card\" content=\"summary_large_image\" \/>\n<meta name=\"twitter:label1\" content=\"Est. reading time\" \/>\n\t<meta name=\"twitter:data1\" content=\"6 minutes\" \/>\n<script type=\"application\/ld+json\" class=\"yoast-schema-graph\">{\"@context\":\"https:\\\/\\\/schema.org\",\"@graph\":[{\"@type\":\"WebPage\",\"@id\":\"https:\\\/\\\/escolatantra.com\\\/produto\\\/liquid-love\\\/\",\"url\":\"https:\\\/\\\/escolatantra.com\\\/produto\\\/liquid-love\\\/\",\"name\":\"LIQUID LOVE EXPERIENCE - Escola de Tantra\",\"isPartOf\":{\"@id\":\"https:\\\/\\\/escolatantra.com\\\/#website\"},\"primaryImageOfPage\":{\"@id\":\"https:\\\/\\\/escolatantra.com\\\/produto\\\/liquid-love\\\/#primaryimage\"},\"image\":{\"@id\":\"https:\\\/\\\/escolatantra.com\\\/produto\\\/liquid-love\\\/#primaryimage\"},\"thumbnailUrl\":\"https:\\\/\\\/escolatantra.com\\\/wp-content\\\/uploads\\\/2026\\\/02\\\/WhatsApp-Image-2026-02-27-at-15.38.04.jpeg\",\"datePublished\":\"2026-02-16T17:58:18+00:00\",\"dateModified\":\"2026-02-27T18:28:03+00:00\",\"breadcrumb\":{\"@id\":\"https:\\\/\\\/escolatantra.com\\\/produto\\\/liquid-love\\\/#breadcrumb\"},\"inLanguage\":\"en-US\",\"potentialAction\":[{\"@type\":\"ReadAction\",\"target\":[\"https:\\\/\\\/escolatantra.com\\\/produto\\\/liquid-love\\\/\"]}]},{\"@type\":\"ImageObject\",\"inLanguage\":\"en-US\",\"@id\":\"https:\\\/\\\/escolatantra.com\\\/produto\\\/liquid-love\\\/#primaryimage\",\"url\":\"https:\\\/\\\/escolatantra.com\\\/wp-content\\\/uploads\\\/2026\\\/02\\\/WhatsApp-Image-2026-02-27-at-15.38.04.jpeg\",\"contentUrl\":\"https:\\\/\\\/escolatantra.com\\\/wp-content\\\/uploads\\\/2026\\\/02\\\/WhatsApp-Image-2026-02-27-at-15.38.04.jpeg\",\"width\":1080,\"height\":1350},{\"@type\":\"BreadcrumbList\",\"@id\":\"https:\\\/\\\/escolatantra.com\\\/produto\\\/liquid-love\\\/#breadcrumb\",\"itemListElement\":[{\"@type\":\"ListItem\",\"position\":1,\"name\":\"In\u00edcio\",\"item\":\"https:\\\/\\\/escolatantra.com\\\/\"},{\"@type\":\"ListItem\",\"position\":2,\"name\":\"Produtos\",\"item\":\"https:\\\/\\\/escolatantra.com\\\/shop\\\/\"},{\"@type\":\"ListItem\",\"position\":3,\"name\":\"LIQUID LOVE EXPERIENCE\"}]},{\"@type\":\"WebSite\",\"@id\":\"https:\\\/\\\/escolatantra.com\\\/#website\",\"url\":\"https:\\\/\\\/escolatantra.com\\\/\",\"name\":\"Escola do Amor\",\"description\":\"\",\"publisher\":{\"@id\":\"https:\\\/\\\/escolatantra.com\\\/#organization\"},\"potentialAction\":[{\"@type\":\"SearchAction\",\"target\":{\"@type\":\"EntryPoint\",\"urlTemplate\":\"https:\\\/\\\/escolatantra.com\\\/?s={search_term_string}\"},\"query-input\":{\"@type\":\"PropertyValueSpecification\",\"valueRequired\":true,\"valueName\":\"search_term_string\"}}],\"inLanguage\":\"en-US\"},{\"@type\":\"Organization\",\"@id\":\"https:\\\/\\\/escolatantra.com\\\/#organization\",\"name\":\"Escola Do Amor\",\"url\":\"https:\\\/\\\/escolatantra.com\\\/\",\"logo\":{\"@type\":\"ImageObject\",\"inLanguage\":\"en-US\",\"@id\":\"https:\\\/\\\/escolatantra.com\\\/#\\\/schema\\\/logo\\\/image\\\/\",\"url\":\"https:\\\/\\\/escolatantra.com\\\/wp-content\\\/uploads\\\/2026\\\/01\\\/Logo.jpeg\",\"contentUrl\":\"https:\\\/\\\/escolatantra.com\\\/wp-content\\\/uploads\\\/2026\\\/01\\\/Logo.jpeg\",\"width\":1154,\"height\":1209,\"caption\":\"Escola Do Amor\"},\"image\":{\"@id\":\"https:\\\/\\\/escolatantra.com\\\/#\\\/schema\\\/logo\\\/image\\\/\"},\"sameAs\":[\"https:\\\/\\\/www.facebook.com\\\/escoladoamorportugal?locale=pt_PT\",\"https:\\\/\\\/www.instagram.com\\\/escoladoamor_pauloshiva\\\/\"]}]}<\/script>\n<!-- \/ Yoast SEO Premium plugin. -->","yoast_head_json":{"title":"LIQUID LOVE EXPERIENCE - Escola de Tantra","robots":{"index":"index","follow":"follow","max-snippet":"max-snippet:-1","max-image-preview":"max-image-preview:large","max-video-preview":"max-video-preview:-1"},"canonical":"https:\/\/escolatantra.com\/en\/product\/liquid-love\/","og_locale":"en_US","og_type":"article","og_title":"LIQUID LOVE EXPERIENCE","og_description":"O Liquid Love \u00e9 um evento \u00edntimo imersivo extraordin\u00e1rio em grupo, onde os participantes s\u00e3o gentilmente guiados na explora\u00e7\u00e3o dos seus corpos, dos seus limites, da conex\u00e3o humana, da ludicidade, do toque e da sensualidade m\u00e1gica do contacto pele com pele em fluxo. O QUE \u00c9 LIQUID LOVE? \ud83c\udf38 Uma experi\u00eancia Tantrica e sensorial em [&hellip;]","og_url":"https:\/\/escolatantra.com\/en\/product\/liquid-love\/","og_site_name":"Escola de Tantra","article_publisher":"https:\/\/www.facebook.com\/escoladoamorportugal?locale=pt_PT","article_modified_time":"2026-02-27T18:28:03+00:00","og_image":[{"width":1080,"height":1350,"url":"https:\/\/escolatantra.com\/wp-content\/uploads\/2026\/02\/WhatsApp-Image-2026-02-27-at-15.38.04.jpeg","type":"image\/jpeg"}],"twitter_card":"summary_large_image","twitter_misc":{"Est. reading time":"6 minutes"},"schema":{"@context":"https:\/\/schema.org","@graph":[{"@type":"WebPage","@id":"https:\/\/escolatantra.com\/produto\/liquid-love\/","url":"https:\/\/escolatantra.com\/produto\/liquid-love\/","name":"LIQUID LOVE EXPERIENCE - Escola de Tantra","isPartOf":{"@id":"https:\/\/escolatantra.com\/#website"},"primaryImageOfPage":{"@id":"https:\/\/escolatantra.com\/produto\/liquid-love\/#primaryimage"},"image":{"@id":"https:\/\/escolatantra.com\/produto\/liquid-love\/#primaryimage"},"thumbnailUrl":"https:\/\/escolatantra.com\/wp-content\/uploads\/2026\/02\/WhatsApp-Image-2026-02-27-at-15.38.04.jpeg","datePublished":"2026-02-16T17:58:18+00:00","dateModified":"2026-02-27T18:28:03+00:00","breadcrumb":{"@id":"https:\/\/escolatantra.com\/produto\/liquid-love\/#breadcrumb"},"inLanguage":"en-US","potentialAction":[{"@type":"ReadAction","target":["https:\/\/escolatantra.com\/produto\/liquid-love\/"]}]},{"@type":"ImageObject","inLanguage":"en-US","@id":"https:\/\/escolatantra.com\/produto\/liquid-love\/#primaryimage","url":"https:\/\/escolatantra.com\/wp-content\/uploads\/2026\/02\/WhatsApp-Image-2026-02-27-at-15.38.04.jpeg","contentUrl":"https:\/\/escolatantra.com\/wp-content\/uploads\/2026\/02\/WhatsApp-Image-2026-02-27-at-15.38.04.jpeg","width":1080,"height":1350},{"@type":"BreadcrumbList","@id":"https:\/\/escolatantra.com\/produto\/liquid-love\/#breadcrumb","itemListElement":[{"@type":"ListItem","position":1,"name":"In\u00edcio","item":"https:\/\/escolatantra.com\/"},{"@type":"ListItem","position":2,"name":"Produtos","item":"https:\/\/escolatantra.com\/shop\/"},{"@type":"ListItem","position":3,"name":"LIQUID LOVE EXPERIENCE"}]},{"@type":"WebSite","@id":"https:\/\/escolatantra.com\/#website","url":"https:\/\/escolatantra.com\/","name":"Escola do Amor","description":"","publisher":{"@id":"https:\/\/escolatantra.com\/#organization"},"potentialAction":[{"@type":"SearchAction","target":{"@type":"EntryPoint","urlTemplate":"https:\/\/escolatantra.com\/?s={search_term_string}"},"query-input":{"@type":"PropertyValueSpecification","valueRequired":true,"valueName":"search_term_string"}}],"inLanguage":"en-US"},{"@type":"Organization","@id":"https:\/\/escolatantra.com\/#organization","name":"Escola Do Amor","url":"https:\/\/escolatantra.com\/","logo":{"@type":"ImageObject","inLanguage":"en-US","@id":"https:\/\/escolatantra.com\/#\/schema\/logo\/image\/","url":"https:\/\/escolatantra.com\/wp-content\/uploads\/2026\/01\/Logo.jpeg","contentUrl":"https:\/\/escolatantra.com\/wp-content\/uploads\/2026\/01\/Logo.jpeg","width":1154,"height":1209,"caption":"Escola Do Amor"},"image":{"@id":"https:\/\/escolatantra.com\/#\/schema\/logo\/image\/"},"sameAs":["https:\/\/www.facebook.com\/escoladoamorportugal?locale=pt_PT","https:\/\/www.instagram.com\/escoladoamor_pauloshiva\/"]}]}},"_links":{"self":[{"href":"https:\/\/escolatantra.com\/en\/wp-json\/wp\/v2\/product\/2208","targetHints":{"allow":["GET"]}}],"collection":[{"href":"https:\/\/escolatantra.com\/en\/wp-json\/wp\/v2\/product"}],"about":[{"href":"https:\/\/escolatantra.com\/en\/wp-json\/wp\/v2\/types\/product"}],"replies":[{"embeddable":true,"href":"https:\/\/escolatantra.com\/en\/wp-json\/wp\/v2\/comments?post=2208"}],"wp:featuredmedia":[{"embeddable":true,"href":"https:\/\/escolatantra.com\/en\/wp-json\/wp\/v2\/media\/2501"}],"wp:attachment":[{"href":"https:\/\/escolatantra.com\/en\/wp-json\/wp\/v2\/media?parent=2208"}],"wp:term":[{"taxonomy":"product_brand","embeddable":true,"href":"https:\/\/escolatantra.com\/en\/wp-json\/wp\/v2\/product_brand?post=2208"},{"taxonomy":"product_cat","embeddable":true,"href":"https:\/\/escolatantra.com\/en\/wp-json\/wp\/v2\/product_cat?post=2208"},{"taxonomy":"product_tag","embeddable":true,"href":"https:\/\/escolatantra.com\/en\/wp-json\/wp\/v2\/product_tag?post=2208"}],"curies":[{"name":"wp","href":"https:\/\/api.w.org\/{rel}","templated":true}]}}